{"id":77,"date":"2021-02-01T04:05:59","date_gmt":"2021-02-01T04:05:59","guid":{"rendered":"http:\/\/sypysa.com\/?page_id=77"},"modified":"2021-07-26T00:13:39","modified_gmt":"2021-07-26T00:13:39","slug":"aviso-de-privacidad","status":"publish","type":"page","link":"https:\/\/sypysa.com\/en\/aviso-de-privacidad\/","title":{"rendered":"Privacy Policy"},"content":{"rendered":"\n<p>SYPYSA\u00ae, con domicilio en Av. Circunvalaci\u00f3n Pte 231 -D, colonia Ciudad Granja, Zapopan, C.P. 45010, en la entidad de Jalisco, M\u00e9xico , y portal de internet www.sypysa.com.mx , es el responsable del uso y protecci\u00f3n de sus datos personales, y al respecto le informamos lo siguiente:<\/p>\n\n\n\n<p>Esta pol\u00edtica de privacidad se aplicar\u00e1 y har\u00e1 valida a todos los usuarios de nuestra p\u00e1gina web, aplicaciones y cualquier otro servicio en cualquier parte del mundo, a excepci\u00f3n que se cumpla alguna pol\u00edtica de privacidad especifica. Dicha pol\u00edtica ser\u00e1 aplicada en los siguientes casos:<\/p>\n\n\n\n<ul class=\"wp-block-list\"><li>Los usuarios que tengan interacci\u00f3n con la plataforma, herramientas tecnol\u00f3gicas, aplicaciones m\u00f3viles, aplicaciones web, contacto telef\u00f3nico, por correo electr\u00f3nico, por redes sociales, chat y cualquier otro medio relacionado con el e-commerce de SYPYSA\u00ae.<\/li><li>Los clientes y personas fisicas que interactuen con la pagina SYPYSA\u00ae con el fin de hacer una comprar o adquirir un servicio.<\/li><\/ul>\n\n\n\n<p>Tambien se aplicara esta politica a todo los proveedores o terceros en general<\/p>\n\n\n\n<p>Las pr\u00e1cticas descritas en esta pol\u00edtica est\u00e1n sujetas a las leyes aplicables en los lugares en los que SYPYSA\u00ae tenga operaciones. Esto significa que solo participamos en las pr\u00e1cticas descritas en esta pol\u00edtica en un pa\u00eds o una regi\u00f3n concreta si lo permiten las leyes de esos lugares. Cualquier duda relacionada con esta pol\u00edtica de privacidad y\/o con sus datos personales nos puede contactar a la direcci\u00f3n de correo electr\u00f3nico&nbsp;<a href=\"mailto:%22sypysa@sypysa.com.mx\">contacto@sypysa.com.mx<\/a><\/p>\n\n\n\n<p>De manera adicional, utilizaremos su informaci\u00f3n personal para las siguientes finalidades secundarias que&nbsp;no son necesarias&nbsp;para el servicio solicitado, pero que nos permiten y facilitan brindarle una mejor atenci\u00f3n:<\/p>\n\n\n\n<ul class=\"wp-block-list\"><li>Para proveer los servicios y productos que ofrecemos, as\u00ed como actividades a fines.<\/li><li>Para el registro, alta y administraci\u00f3n en la tienda en l\u00ednea a trav\u00e9s de la plataforma de SYPYSA\u00ae y sus servicios relacionados.<\/li><li>El funcionamiento, gesti\u00f3n, facturaci\u00f3n, cobranza, env\u00edos, administraci\u00f3n, prestaci\u00f3n, ampliaci\u00f3n, y mejoras de nuestro servicio.<\/li><\/ul>\n\n\n\n<p>En caso de que no desee que sus datos personales se utilicen para estos fines secundarios, ind\u00edquelo a continuaci\u00f3n:<\/p>\n\n\n\n<p>No consiento que mis datos personales se utilicen para los siguientes fines:<\/p>\n\n\n\n<p>[ &nbsp; &nbsp;]&nbsp;Para proveer los servicios y productos que ofrecemos, as\u00ed como actividades afines<br>[&nbsp;&nbsp;]&nbsp;Para el registro, alta y administraci\u00f3n en la tienda en l\u00ednea a trav\u00e9s de la plataforma de SYPYSA\u00ae y sus servicios relacionados.<br>[&nbsp;&nbsp;]&nbsp;El funcionamiento, gesti\u00f3n, facturaci\u00f3n, cobranza, env\u00edos, administraci\u00f3n, prestaci\u00f3n, ampliaci\u00f3n , y mejoras de nuestro servicio.<\/p>\n\n\n\n<p>La negativa para el uso de sus datos personales para estas finalidades no podr\u00e1 ser un motivo para que le neguemos los servicios y productos que solicita o contrata con nosotros.<\/p>\n\n\n\n<p>Para conocer mayor informaci\u00f3n sobre los t\u00e9rminos y condiciones en que ser\u00e1n tratados sus datos personales, como los terceros con quienes compartimos su informaci\u00f3n personal y la forma en que podr\u00e1 ejercer sus derechos ARCO, puede consultar el aviso de privacidad integral en: <a href=\"http:\/\/www.sypysa.com.mx\/aviso-de-privacidad\/\">www.sypysa.com.mx\/aviso-de-privacidad<\/a><\/p>\n\n\n\n<p><strong>ACEPTACI\u00d3N DE LOS T\u00c9RMINOS<\/strong><\/p>\n\n\n\n<p>Estas Pol\u00edticas de Privacidad constituye un acuerdo legal entre el usuario y SYPYSA\u00ae. Si el usuario utiliza los servicios de este p\u00e1gina web www.sypysa.com.mx, significa que ha le\u00eddo, entendido y consentido los t\u00e9rminos antes expuestos. Para cualquier duda o aclaraci\u00f3n del tema, nos podr\u00e1 contactar al correo de contacto@sypysa.com.mx<\/p>\n","protected":false},"excerpt":{"rendered":"<p>SYPYSA\u00ae, con domicilio en Av. Circunvalaci\u00f3n Pte 231 -D, colonia Ciudad Granja, Zapopan, C.P. 45010, en la entidad de Jalisco, M\u00e9xico , y portal de internet www.sypysa.com.mx , es el responsable del uso y protecci\u00f3n de sus datos personales, y al respecto le informamos lo siguiente: Esta pol\u00edtica de privacidad se aplicar\u00e1 y har\u00e1 valida [&hellip;]<\/p>\n","protected":false},"author":2,"featured_media":0,"parent":0,"menu_order":0,"comment_status":"closed","ping_status":"closed","template":"","meta":{"_et_pb_use_builder":"off","_et_pb_old_content":"","_et_gb_content_width":"1280","_joinchat":[],"footnotes":""},"class_list":["post-77","page","type-page","status-publish","hentry"],"yoast_head":"<!-- This site is optimized with the Yoast SEO Premium plugin v15.7 - https:\/\/yoast.com\/wordpress\/plugins\/seo\/ -->\n<title>Aviso de privacidad - SYPYSA<\/title>\n<meta name=\"robots\" content=\"index, follow, max-snippet:-1, max-image-preview:large, max-video-preview:-1\" \/>\n<link rel=\"canonical\" href=\"https:\/\/sypysa.com\/en\/aviso-de-privacidad\/\" \/>\n<meta property=\"og:locale\" content=\"en_US\" \/>\n<meta property=\"og:type\" content=\"article\" \/>\n<meta property=\"og:title\" content=\"Aviso de privacidad - SYPYSA\" \/>\n<meta property=\"og:description\" content=\"SYPYSA\u00ae, con domicilio en Av. Circunvalaci\u00f3n Pte 231 -D, colonia Ciudad Granja, Zapopan, C.P. 45010, en la entidad de Jalisco, M\u00e9xico , y portal de internet www.sypysa.com.mx , es el responsable del uso y protecci\u00f3n de sus datos personales, y al respecto le informamos lo siguiente: Esta pol\u00edtica de privacidad se aplicar\u00e1 y har\u00e1 valida [&hellip;]\" \/>\n<meta property=\"og:url\" content=\"https:\/\/sypysa.com\/en\/aviso-de-privacidad\/\" \/>\n<meta property=\"og:site_name\" content=\"SYPYSA\" \/>\n<meta property=\"article:modified_time\" content=\"2021-07-26T00:13:39+00:00\" \/>\n<meta name=\"twitter:card\" content=\"summary_large_image\" \/>\n<meta name=\"twitter:label1\" content=\"Est. reading time\">\n\t<meta name=\"twitter:data1\" content=\"3 minutes\">\n<script type=\"application\/ld+json\" class=\"yoast-schema-graph\">{\"@context\":\"https:\/\/schema.org\",\"@graph\":[{\"@type\":\"WebSite\",\"@id\":\"https:\/\/sypysa.com\/#website\",\"url\":\"https:\/\/sypysa.com\/\",\"name\":\"SYPYSA\",\"description\":\"SYPYSA\",\"potentialAction\":[{\"@type\":\"SearchAction\",\"target\":\"https:\/\/sypysa.com\/?s={search_term_string}\",\"query-input\":\"required name=search_term_string\"}],\"inLanguage\":\"en-US\"},{\"@type\":\"WebPage\",\"@id\":\"https:\/\/sypysa.com\/aviso-de-privacidad\/#webpage\",\"url\":\"https:\/\/sypysa.com\/aviso-de-privacidad\/\",\"name\":\"Aviso de privacidad - SYPYSA\",\"isPartOf\":{\"@id\":\"https:\/\/sypysa.com\/#website\"},\"datePublished\":\"2021-02-01T04:05:59+00:00\",\"dateModified\":\"2021-07-26T00:13:39+00:00\",\"inLanguage\":\"en-US\",\"potentialAction\":[{\"@type\":\"ReadAction\",\"target\":[\"https:\/\/sypysa.com\/aviso-de-privacidad\/\"]}]}]}<\/script>\n<!-- \/ Yoast SEO Premium plugin. -->","_links":{"self":[{"href":"https:\/\/sypysa.com\/en\/wp-json\/wp\/v2\/pages\/77","targetHints":{"allow":["GET"]}}],"collection":[{"href":"https:\/\/sypysa.com\/en\/wp-json\/wp\/v2\/pages"}],"about":[{"href":"https:\/\/sypysa.com\/en\/wp-json\/wp\/v2\/types\/page"}],"author":[{"embeddable":true,"href":"https:\/\/sypysa.com\/en\/wp-json\/wp\/v2\/users\/2"}],"replies":[{"embeddable":true,"href":"https:\/\/sypysa.com\/en\/wp-json\/wp\/v2\/comments?post=77"}],"version-history":[{"count":4,"href":"https:\/\/sypysa.com\/en\/wp-json\/wp\/v2\/pages\/77\/revisions"}],"predecessor-version":[{"id":13175,"href":"https:\/\/sypysa.com\/en\/wp-json\/wp\/v2\/pages\/77\/revisions\/13175"}],"wp:attachment":[{"href":"https:\/\/sypysa.com\/en\/wp-json\/wp\/v2\/media?parent=77"}],"curies":[{"name":"wp","href":"https:\/\/api.w.org\/{rel}","templated":true}]}}